{"id":13,"date":"2023-02-22T10:20:46","date_gmt":"2023-02-22T07:20:46","guid":{"rendered":"http:\/\/doctor.spsajans.com\/index.php\/forget-password-page\/"},"modified":"2023-02-22T10:20:46","modified_gmt":"2023-02-22T07:20:46","slug":"forget-password-page","status":"publish","type":"page","link":"https:\/\/doctor.spsajans.com\/index.php\/forget-password-page\/","title":{"rendered":"Forget Password Page"},"content":{"rendered":"<div id=\"password-lost-form\" class=\"widecolumn cth-wide-form\">\n    \n     \n    <p>\n        E-posta adresinizi girin, size yeni bir \u015fifre se\u00e7mek i\u00e7in kullanabilece\u011finiz bir ba\u011flant\u0131 g\u00f6nderece\u011fiz.    <\/p>\n \n    <form id=\"lostpasswordform\" action=\"https:\/\/doctor.spsajans.com\/wp-login.php?action=lostpassword\" method=\"post\">\n        <p class=\"form-row\">\n            <label for=\"user_login\">Kullan\u0131c\u0131 Ad\u0131 veya E-posta Adresi<\/label>\n            <input type=\"text\" name=\"user_login\" id=\"user_login\">\n        <\/p>\n\n         \n        <p class=\"lostpassword-submit\">\n            <input type=\"submit\" name=\"submit\" class=\"lostpassword-button button button-primary\"\n                   value=\"\u015eifreyi S\u0131f\u0131rla\"\/>\n        <\/p>\n\n        <p><a class=\"have-an-account\" href=\"https:\/\/doctor.spsajans.com\/wp-login.php\">\n            Hesab\u0131n\u0131z var m\u0131?        <\/a><\/p>\n    <\/form>\n<\/div>\n\n\n","protected":false},"excerpt":{"rendered":"","protected":false},"author":1,"featured_media":0,"parent":0,"menu_order":0,"comment_status":"closed","ping_status":"closed","template":"page-sidebar-no.php","meta":{"footnotes":""},"class_list":["post-13","page","type-page","status-publish","hentry"],"_links":{"self":[{"href":"https:\/\/doctor.spsajans.com\/index.php\/wp-json\/wp\/v2\/pages\/13","targetHints":{"allow":["GET"]}}],"collection":[{"href":"https:\/\/doctor.spsajans.com\/index.php\/wp-json\/wp\/v2\/pages"}],"about":[{"href":"https:\/\/doctor.spsajans.com\/index.php\/wp-json\/wp\/v2\/types\/page"}],"author":[{"embeddable":true,"href":"https:\/\/doctor.spsajans.com\/index.php\/wp-json\/wp\/v2\/users\/1"}],"replies":[{"embeddable":true,"href":"https:\/\/doctor.spsajans.com\/index.php\/wp-json\/wp\/v2\/comments?post=13"}],"version-history":[{"count":0,"href":"https:\/\/doctor.spsajans.com\/index.php\/wp-json\/wp\/v2\/pages\/13\/revisions"}],"wp:attachment":[{"href":"https:\/\/doctor.spsajans.com\/index.php\/wp-json\/wp\/v2\/media?parent=13"}],"curies":[{"name":"wp","href":"https:\/\/api.w.org\/{rel}","templated":true}]}}